{"id":98,"date":"2014-05-08T16:38:18","date_gmt":"2014-05-08T15:38:18","guid":{"rendered":"http:\/\/www.fouencamps.fr\/?page_id=98"},"modified":"2014-05-08T19:39:32","modified_gmt":"2014-05-08T18:39:32","slug":"environnement-2","status":"publish","type":"page","link":"https:\/\/www.fouencamps.fr\/?page_id=98","title":{"rendered":"Environnement"},"content":{"rendered":"<p>Retrouvez ici toutes les informations relatives \u00e0 la gestion de l&rsquo;environnement au quotidien dans votre commune.<\/p>\n<p><a title=\"Gestion des d\u00e9chets\" href=\"https:\/\/www.fouencamps.fr\/?page_id=16\"><strong>Gestion des d\u00e9chets :<\/strong><\/a><\/p>\n<p>Retrouvez <a title=\"Gestion des d\u00e9chets\" href=\"https:\/\/www.fouencamps.fr\/?page_id=16\">ici <\/a>les informations relatives \u00e0 la gestion des d\u00e9chets dans votre commune au quotidien (les jours de collecte, le passage des encombrants, les informations relatives au tri s\u00e9lectif).<\/p>\n<p><a title=\"D\u00e9chetterie\" href=\"https:\/\/www.fouencamps.fr\/?page_id=93\"><strong>D\u00e9chetterie\u00a0:<\/strong><\/a><\/p>\n<p>Retrouvez <a title=\"D\u00e9chetterie\" href=\"https:\/\/www.fouencamps.fr\/?page_id=93\">ici <\/a>les informations sp\u00e9cifiques\u00a0\u00e0 la d\u00e9chetterie du Val de Noye.<\/p>\n<p><strong>Nuisances sonores :<\/strong><\/p>\n<p>Retrouvez ici les informations relatives \u00e0 la pollution sonore.<\/p>\n","protected":false},"excerpt":{"rendered":"<p>Retrouvez ici toutes les informations relatives \u00e0 la gestion de l&rsquo;environnement au quotidien dans votre commune. Gestion des d\u00e9chets : Retrouvez ici les informations relatives \u00e0 la gestion des d\u00e9chets dans votre commune au&#46;&#46;&#46;<\/p>\n","protected":false},"author":1,"featured_media":0,"parent":0,"menu_order":0,"comment_status":"closed","ping_status":"open","template":"","meta":{"_crdt_document":"","rop_custom_images_group":[],"rop_custom_messages_group":[],"rop_publish_now":"initial","rop_publish_now_accounts":[],"rop_publish_now_history":[],"rop_publish_now_status":"pending","footnotes":""},"class_list":["post-98","page","type-page","status-publish","hentry"],"_links":{"self":[{"href":"https:\/\/www.fouencamps.fr\/index.php?rest_route=\/wp\/v2\/pages\/98","targetHints":{"allow":["GET"]}}],"collection":[{"href":"https:\/\/www.fouencamps.fr\/index.php?rest_route=\/wp\/v2\/pages"}],"about":[{"href":"https:\/\/www.fouencamps.fr\/index.php?rest_route=\/wp\/v2\/types\/page"}],"author":[{"embeddable":true,"href":"https:\/\/www.fouencamps.fr\/index.php?rest_route=\/wp\/v2\/users\/1"}],"replies":[{"embeddable":true,"href":"https:\/\/www.fouencamps.fr\/index.php?rest_route=%2Fwp%2Fv2%2Fcomments&post=98"}],"version-history":[{"count":7,"href":"https:\/\/www.fouencamps.fr\/index.php?rest_route=\/wp\/v2\/pages\/98\/revisions"}],"predecessor-version":[{"id":126,"href":"https:\/\/www.fouencamps.fr\/index.php?rest_route=\/wp\/v2\/pages\/98\/revisions\/126"}],"wp:attachment":[{"href":"https:\/\/www.fouencamps.fr\/index.php?rest_route=%2Fwp%2Fv2%2Fmedia&parent=98"}],"curies":[{"name":"wp","href":"https:\/\/api.w.org\/{rel}","templated":true}]}}