{"id":368,"date":"2014-12-05T09:21:23","date_gmt":"2014-12-05T08:21:23","guid":{"rendered":"http:\/\/www.fouencamps.fr\/?page_id=368"},"modified":"2014-12-08T10:20:38","modified_gmt":"2014-12-08T09:20:38","slug":"galerie-iconographique","status":"publish","type":"page","link":"https:\/\/www.fouencamps.fr\/?page_id=368","title":{"rendered":"Galerie iconographique"},"content":{"rendered":"<p style=\"color: #000000;\">Le fonds iconographique\u00a0d&rsquo;une commune permet de retracer son histoire ainsi que\u00a0son \u00e9volution architecturale et sociologique au fil des \u00e9poques. Les photographies pr\u00e9sent\u00e9es ici bien que \u00ab muettes \u00bb parleront beaucoup \u00e0 certains. Document\u00e9es, elles pourraient retrouver tout leur sens et se r\u00e9v\u00e9ler une source historique pr\u00e9cieuse. C&rsquo;est pourquoi nous comptons sur vos commentaires afin de dater, commenter chacun de ces clich\u00e9s.<\/p>\n<p style=\"color: #000000;\">Aussi en vue\u00a0d&rsquo;alimenter cette galerie, n&rsquo;h\u00e9sitez pas \u00e0 prendre contact avec nous sur notre page <a href=\"https:\/\/www.facebook.com\/fouencamps\" target=\"_blank\">Facebook<\/a>\u00a0ou depuis le <a title=\"Contact\" href=\"https:\/\/www.fouencamps.fr\/?page_id=173\" target=\"_blank\">formulaire de contact du\u00a0site<\/a>\u00a0afin de partager vos propres clich\u00e9s.<\/p>\n<p style=\"color: #000000;\">Bonne visite&#8230;<\/p>\n<!-- Rendered by FancyBox WITH labels BEGIN -->\n\r\n\t<style type=\"text\/css\">\r\n\t\t\t\t\t#gallery-0 {\r\n\t\t\t\t\t\tmargin: auto;\r\n\t\t\t\t\t}\r\n\t\t\t\t\t#gallery-0 .gallery-item {\r\n\t\t\t\t\t\tfloat: left;\r\n\t\t\t\t\t\tmargin-top: 10px;\r\n\t\t\t\t\t\ttext-align: center;\r\n\t\t\t\t\t\twidth: 24%;\r\n\t\t\t\t\t}\r\n\t\t\t\t\t#gallery-0 img {\r\n\t\t\t\t\t\tborder: 2px solid #cfcfcf;\r\n\t\t\t\t\t}\r\n\t\t\t\t\t#gallery-0 .gallery-caption {\r\n\t\t\t\t\t\tmargin-left: 0;\r\n\t\t\t\t\t}\r\n\t<\/style>\r\n<script type=\"text\/javascript\">\r\n$(document).ready(function() {\r\n\t\/*\r\n\t *  Simple image gallery. Uses default settings\r\n\t *\/\r\n\r\n\t$(\".fancybox\").fancybox({\r\n\t\t\"transitionIn\"\t\t: \"none\",\r\n\t\t\"transitionOut\"\t\t: \"none\",\r\n\t\t\"titlePosition\" \t: \"over\"\r\n\t\t,\r\n\t\t\"titleFormat\"\t\t: function(title, currentArray, currentIndex, currentOpts) {\r\n\t\t\treturn \"<span id='fancybox-title-over'><span id='fancybox-title-pretext'>Image <\/span>\"+(currentIndex+1)+\" \/ \" + currentArray.length + (title.length ? \" &nbsp; \" + title : \"\") + \"<\/span>\";\r\n\t\t}\r\n\r\n\t});\r\n});\r\n<\/script>\r\n\r\n\t<div id=\"gallery-0\" class=\"gallery galleryid-0 gallery-size-thumbnail\" style=\"\"><dl class=\"gallery-item\"><dt class=\"gallery-icon\">\r\n\t\t<a class=\"fancybox\" href=\"https:\/\/www.fouencamps.fr\/wp-content\/uploads\/2014\/11\/Avre2-1024x642.jpg\" title=\"Pont de l&#039;Avre\" rel=\"gallery-0\"><img loading=\"lazy\" decoding=\"async\" width=\"150\" height=\"150\" class=\"attachment-thumbnail\" alt=\"Pont de l&#039;Avre\" src=\"https:\/\/www.fouencamps.fr\/wp-content\/uploads\/2014\/11\/Avre2-150x150.jpg\" \/><\/a><\/dt><dd class=\"wp-caption-text gallery-caption\">Pont de l'Avre<\/dd><\/dl>\n\n<dl class=\"gallery-item\"><dt class=\"gallery-icon\">\r\n\t\t<a class=\"fancybox\" href=\"https:\/\/www.fouencamps.fr\/wp-content\/uploads\/2014\/11\/Avre-1024x683.jpg\" title=\"Pont de l&#039;Avre\" rel=\"gallery-0\"><img loading=\"lazy\" decoding=\"async\" width=\"150\" height=\"150\" class=\"attachment-thumbnail\" alt=\"Pont de l&#039;Avre\" src=\"https:\/\/www.fouencamps.fr\/wp-content\/uploads\/2014\/11\/Avre-150x150.jpg\" \/><\/a><\/dt><dd class=\"wp-caption-text gallery-caption\">Pont de l'Avre<\/dd><\/dl>\n\n<dl class=\"gallery-item\"><dt class=\"gallery-icon\">\r\n\t\t<a class=\"fancybox\" href=\"https:\/\/www.fouencamps.fr\/wp-content\/uploads\/2014\/05\/Eglise4-659x1024.jpg\" title=\"Eglise Saint-Pierre-\u00e8s-Liens\" rel=\"gallery-0\"><img loading=\"lazy\" decoding=\"async\" width=\"150\" height=\"150\" class=\"attachment-thumbnail\" alt=\"Eglise Saint-Pierre-\u00e8s-Liens\" src=\"https:\/\/www.fouencamps.fr\/wp-content\/uploads\/2014\/05\/Eglise4-150x150.jpg\" \/><\/a><\/dt><dd class=\"wp-caption-text gallery-caption\">Eglise Saint-Pierre-\u00e8s-Liens<\/dd><\/dl>\n\n<dl class=\"gallery-item\"><dt class=\"gallery-icon\">\r\n\t\t<a class=\"fancybox\" href=\"https:\/\/www.fouencamps.fr\/wp-content\/uploads\/2014\/11\/Eglise-1024x652.jpg\" title=\"Eglise Saint-Pierre-\u00e8s-Liens\" rel=\"gallery-0\"><img loading=\"lazy\" decoding=\"async\" width=\"150\" height=\"150\" class=\"attachment-thumbnail\" alt=\"Eglise Saint-Pierre-\u00e8s-Liens\" src=\"https:\/\/www.fouencamps.fr\/wp-content\/uploads\/2014\/11\/Eglise-150x150.jpg\" \/><\/a><\/dt><dd class=\"wp-caption-text gallery-caption\">Eglise Saint-Pierre-\u00e8s-Liens<\/dd><\/dl>\n\n<dl class=\"gallery-item\"><dt class=\"gallery-icon\">\r\n\t\t<a class=\"fancybox\" href=\"https:\/\/www.fouencamps.fr\/wp-content\/uploads\/2014\/11\/Eglise2-1024x637.jpg\" title=\"Eglise Saint-Pierre-\u00e8s-Liens\" rel=\"gallery-0\"><img loading=\"lazy\" decoding=\"async\" width=\"150\" height=\"150\" class=\"attachment-thumbnail\" alt=\"Eglise Saint-Pierre-\u00e8s-Liens\" src=\"https:\/\/www.fouencamps.fr\/wp-content\/uploads\/2014\/11\/Eglise2-150x150.jpg\" \/><\/a><\/dt><dd class=\"wp-caption-text gallery-caption\">Eglise Saint-Pierre-\u00e8s-Liens<\/dd><\/dl>\n\n<dl class=\"gallery-item\"><dt class=\"gallery-icon\">\r\n\t\t<a class=\"fancybox\" href=\"https:\/\/www.fouencamps.fr\/wp-content\/uploads\/2014\/11\/Eglise3-659x1024.jpg\" title=\"Eglise Saint-Pierre-\u00e8s-Liens\" rel=\"gallery-0\"><img loading=\"lazy\" decoding=\"async\" width=\"150\" height=\"150\" class=\"attachment-thumbnail\" alt=\"Eglise Saint-Pierre-\u00e8s-Liens\" src=\"https:\/\/www.fouencamps.fr\/wp-content\/uploads\/2014\/11\/Eglise3-150x150.jpg\" \/><\/a><\/dt><dd class=\"wp-caption-text gallery-caption\">Eglise Saint-Pierre-\u00e8s-Liens<\/dd><\/dl>\n\n<dl class=\"gallery-item\"><dt class=\"gallery-icon\">\r\n\t\t<a class=\"fancybox\" href=\"https:\/\/www.fouencamps.fr\/wp-content\/uploads\/2014\/05\/Noye2-1024x647.jpg\" title=\"Place du village\" rel=\"gallery-0\"><img loading=\"lazy\" decoding=\"async\" width=\"150\" height=\"150\" class=\"attachment-thumbnail\" alt=\"Place du village\" src=\"https:\/\/www.fouencamps.fr\/wp-content\/uploads\/2014\/05\/Noye2-150x150.jpg\" \/><\/a><\/dt><dd class=\"wp-caption-text gallery-caption\">Place du village<\/dd><\/dl>\n\n<dl class=\"gallery-item\"><dt class=\"gallery-icon\">\r\n\t\t<a class=\"fancybox\" href=\"https:\/\/www.fouencamps.fr\/wp-content\/uploads\/2014\/11\/Noye-1024x636.jpg\" title=\"Rue principale\" rel=\"gallery-0\"><img loading=\"lazy\" decoding=\"async\" width=\"150\" height=\"150\" class=\"attachment-thumbnail\" alt=\"Rue principale\" src=\"https:\/\/www.fouencamps.fr\/wp-content\/uploads\/2014\/11\/Noye-150x150.jpg\" \/><\/a><\/dt><dd class=\"wp-caption-text gallery-caption\">Rue principale<\/dd><\/dl>\n\n<dl class=\"gallery-item\"><dt class=\"gallery-icon\">\r\n\t\t<a class=\"fancybox\" href=\"https:\/\/www.fouencamps.fr\/wp-content\/uploads\/2014\/11\/Noye3-1024x653.jpg\" title=\"Rue principale\" rel=\"gallery-0\"><img loading=\"lazy\" decoding=\"async\" width=\"150\" height=\"150\" class=\"attachment-thumbnail\" alt=\"Rue principale\" src=\"https:\/\/www.fouencamps.fr\/wp-content\/uploads\/2014\/11\/Noye3-150x150.jpg\" \/><\/a><\/dt><dd class=\"wp-caption-text gallery-caption\">Rue principale<\/dd><\/dl>\n\n<dl class=\"gallery-item\"><dt class=\"gallery-icon\">\r\n\t\t<a class=\"fancybox\" href=\"https:\/\/www.fouencamps.fr\/wp-content\/uploads\/2014\/11\/Ecoliers-1024x667.jpg\" title=\"Ecole du village\" rel=\"gallery-0\"><img loading=\"lazy\" decoding=\"async\" width=\"150\" height=\"150\" class=\"attachment-thumbnail\" alt=\"Ecole du village\" src=\"https:\/\/www.fouencamps.fr\/wp-content\/uploads\/2014\/11\/Ecoliers-150x150.jpg\" \/><\/a><\/dt><dd class=\"wp-caption-text gallery-caption\">Ecole du village<\/dd><\/dl>\n\n<dl class=\"gallery-item\"><dt class=\"gallery-icon\">\r\n\t\t<a class=\"fancybox\" href=\"https:\/\/www.fouencamps.fr\/wp-content\/uploads\/2014\/11\/Noye4-1024x637.jpg\" title=\"Rue principale vue de la Place\" rel=\"gallery-0\"><img loading=\"lazy\" decoding=\"async\" width=\"150\" height=\"150\" class=\"attachment-thumbnail\" alt=\"Rue principale vue de la Place\" src=\"https:\/\/www.fouencamps.fr\/wp-content\/uploads\/2014\/11\/Noye4-150x150.jpg\" \/><\/a><\/dt><dd class=\"wp-caption-text gallery-caption\">Rue principale vue de la Place<\/dd><\/dl>\n\n<dl class=\"gallery-item\"><dt class=\"gallery-icon\">\r\n\t\t<a class=\"fancybox\" href=\"https:\/\/www.fouencamps.fr\/wp-content\/uploads\/2014\/11\/Noye6-1024x651.jpg\" title=\"Rue principale vue de la Place\" rel=\"gallery-0\"><img loading=\"lazy\" decoding=\"async\" width=\"150\" height=\"150\" class=\"attachment-thumbnail\" alt=\"Rue principale vue de la Place\" src=\"https:\/\/www.fouencamps.fr\/wp-content\/uploads\/2014\/11\/Noye6-150x150.jpg\" \/><\/a><\/dt><dd class=\"wp-caption-text gallery-caption\">Rue principale vue de la Place<\/dd><\/dl>\n\n<dl class=\"gallery-item\"><dt class=\"gallery-icon\">\r\n\t\t<a class=\"fancybox\" href=\"https:\/\/www.fouencamps.fr\/wp-content\/uploads\/2014\/11\/Noye5-1024x662.jpg\" title=\"Rue principale vue de la Place\" rel=\"gallery-0\"><img loading=\"lazy\" decoding=\"async\" width=\"150\" height=\"150\" class=\"attachment-thumbnail\" alt=\"Rue principale vue de la Place\" src=\"https:\/\/www.fouencamps.fr\/wp-content\/uploads\/2014\/11\/Noye5-150x150.jpg\" \/><\/a><\/dt><dd class=\"wp-caption-text gallery-caption\">Rue principale vue de la Place<\/dd><\/dl>\n\n<dl class=\"gallery-item\"><dt class=\"gallery-icon\">\r\n\t\t<a class=\"fancybox\" href=\"https:\/\/www.fouencamps.fr\/wp-content\/uploads\/2014\/11\/Ferme-1024x698.jpg\" title=\"Photo de famille\" rel=\"gallery-0\"><img loading=\"lazy\" decoding=\"async\" width=\"150\" height=\"150\" class=\"attachment-thumbnail\" alt=\"Photo de famille\" src=\"https:\/\/www.fouencamps.fr\/wp-content\/uploads\/2014\/11\/Ferme-150x150.jpg\" \/><\/a><\/dt><dd class=\"wp-caption-text gallery-caption\">Photo de famille<\/dd><\/dl>\n\n<dl class=\"gallery-item\"><dt class=\"gallery-icon\">\r\n\t\t<a class=\"fancybox\" href=\"https:\/\/www.fouencamps.fr\/wp-content\/uploads\/2014\/11\/Berger-804x1024.jpg\" title=\"Berger fouencampois\" rel=\"gallery-0\"><img loading=\"lazy\" decoding=\"async\" width=\"150\" height=\"150\" class=\"attachment-thumbnail\" alt=\"Berger fouencampois\" src=\"https:\/\/www.fouencamps.fr\/wp-content\/uploads\/2014\/11\/Berger-150x150.jpg\" \/><\/a><\/dt><dd class=\"wp-caption-text gallery-caption\">Berger fouencampois<\/dd><\/dl>\n\n<dl class=\"gallery-item\"><dt class=\"gallery-icon\">\r\n\t\t<a class=\"fancybox\" href=\"https:\/\/www.fouencamps.fr\/wp-content\/uploads\/2014\/11\/Stdomice-1024x650.jpg\" title=\"Ermitage de Saint-Domice\" rel=\"gallery-0\"><img loading=\"lazy\" decoding=\"async\" width=\"150\" height=\"150\" class=\"attachment-thumbnail\" alt=\"Ermitage de Saint-Domice\" src=\"https:\/\/www.fouencamps.fr\/wp-content\/uploads\/2014\/11\/Stdomice-150x150.jpg\" \/><\/a><\/dt><dd class=\"wp-caption-text gallery-caption\">Ermitage de Saint-Domice<\/dd><\/dl>\n\n<dl class=\"gallery-item\"><dt class=\"gallery-icon\">\r\n\t\t<a class=\"fancybox\" href=\"https:\/\/www.fouencamps.fr\/wp-content\/uploads\/2014\/11\/Stdomice2-1024x648.jpg\" title=\"Ermitage de Saint-Domice (int\u00e9rieur)\" rel=\"gallery-0\"><img loading=\"lazy\" decoding=\"async\" width=\"150\" height=\"150\" class=\"attachment-thumbnail\" alt=\"Ermitage de Saint-Domice (int\u00e9rieur)\" src=\"https:\/\/www.fouencamps.fr\/wp-content\/uploads\/2014\/11\/Stdomice2-150x150.jpg\" \/><\/a><\/dt><dd class=\"wp-caption-text gallery-caption\">Ermitage de Saint-Domice (int\u00e9rieur)<\/dd><\/dl>\n\n<dl class=\"gallery-item\"><dt class=\"gallery-icon\">\r\n\t\t<a class=\"fancybox\" href=\"https:\/\/www.fouencamps.fr\/wp-content\/uploads\/2014\/11\/Stdomice3-1024x659.jpg\" title=\"Repr\u00e9sentation Saint-Domice et Sainte-Ulphe\" rel=\"gallery-0\"><img loading=\"lazy\" decoding=\"async\" width=\"150\" height=\"150\" class=\"attachment-thumbnail\" alt=\"Repr\u00e9sentation Saint-Domice et Sainte-Ulphe\" src=\"https:\/\/www.fouencamps.fr\/wp-content\/uploads\/2014\/11\/Stdomice3-150x150.jpg\" \/><\/a><\/dt><dd class=\"wp-caption-text gallery-caption\">Repr\u00e9sentation Saint-Domice et Sainte-Ulphe<\/dd><\/dl>\n\n<dl class=\"gallery-item\"><dt class=\"gallery-icon\">\r\n\t\t<a class=\"fancybox\" href=\"https:\/\/www.fouencamps.fr\/wp-content\/uploads\/2014\/11\/Stdomice4-1024x649.jpg\" title=\"Photo coll\u00e9giale p\u00e9lerinage Saint-Domice\" rel=\"gallery-0\"><img loading=\"lazy\" decoding=\"async\" width=\"150\" height=\"150\" class=\"attachment-thumbnail\" alt=\"Photo coll\u00e9giale p\u00e9lerinage Saint-Domice\" src=\"https:\/\/www.fouencamps.fr\/wp-content\/uploads\/2014\/11\/Stdomice4-150x150.jpg\" \/><\/a><\/dt><dd class=\"wp-caption-text gallery-caption\">Photo coll\u00e9giale p\u00e9lerinage Saint-Domice<\/dd><\/dl>\n\n<dl class=\"gallery-item\"><dt class=\"gallery-icon\">\r\n\t\t<a class=\"fancybox\" href=\"https:\/\/www.fouencamps.fr\/wp-content\/uploads\/2014\/11\/Stdomice5-1024x632.jpg\" title=\"Ermitage de Saint-Domice\" rel=\"gallery-0\"><img loading=\"lazy\" decoding=\"async\" width=\"150\" height=\"150\" class=\"attachment-thumbnail\" alt=\"Ermitage de Saint-Domice\" src=\"https:\/\/www.fouencamps.fr\/wp-content\/uploads\/2014\/11\/Stdomice5-150x150.jpg\" \/><\/a><\/dt><dd class=\"wp-caption-text gallery-caption\">Ermitage de Saint-Domice<\/dd><\/dl>\n\n<\/div><br clear=\"all\" \/><!-- Rendered by FancyBox WITH labels END -->\n\n","protected":false},"excerpt":{"rendered":"<p>Le fonds iconographique\u00a0d&rsquo;une commune permet de retracer son histoire ainsi que\u00a0son \u00e9volution architecturale et sociologique au fil des \u00e9poques. Les photographies pr\u00e9sent\u00e9es ici bien que \u00ab muettes \u00bb parleront beaucoup \u00e0 certains. Document\u00e9es, elles&#46;&#46;&#46;<\/p>\n","protected":false},"author":1,"featured_media":0,"parent":0,"menu_order":0,"comment_status":"closed","ping_status":"open","template":"","meta":{"_crdt_document":"","rop_custom_images_group":[],"rop_custom_messages_group":[],"rop_publish_now":"initial","rop_publish_now_accounts":[],"rop_publish_now_history":[],"rop_publish_now_status":"pending","footnotes":""},"class_list":["post-368","page","type-page","status-publish","hentry"],"_links":{"self":[{"href":"https:\/\/www.fouencamps.fr\/index.php?rest_route=\/wp\/v2\/pages\/368","targetHints":{"allow":["GET"]}}],"collection":[{"href":"https:\/\/www.fouencamps.fr\/index.php?rest_route=\/wp\/v2\/pages"}],"about":[{"href":"https:\/\/www.fouencamps.fr\/index.php?rest_route=\/wp\/v2\/types\/page"}],"author":[{"embeddable":true,"href":"https:\/\/www.fouencamps.fr\/index.php?rest_route=\/wp\/v2\/users\/1"}],"replies":[{"embeddable":true,"href":"https:\/\/www.fouencamps.fr\/index.php?rest_route=%2Fwp%2Fv2%2Fcomments&post=368"}],"version-history":[{"count":7,"href":"https:\/\/www.fouencamps.fr\/index.php?rest_route=\/wp\/v2\/pages\/368\/revisions"}],"predecessor-version":[{"id":396,"href":"https:\/\/www.fouencamps.fr\/index.php?rest_route=\/wp\/v2\/pages\/368\/revisions\/396"}],"wp:attachment":[{"href":"https:\/\/www.fouencamps.fr\/index.php?rest_route=%2Fwp%2Fv2%2Fmedia&parent=368"}],"curies":[{"name":"wp","href":"https:\/\/api.w.org\/{rel}","templated":true}]}}