{"id":21,"date":"2014-05-03T13:55:49","date_gmt":"2014-05-03T12:55:49","guid":{"rendered":"http:\/\/www.fouencamps.fr\/?page_id=21"},"modified":"2025-08-28T17:45:35","modified_gmt":"2025-08-28T16:45:35","slug":"mobilite-et-transport-2","status":"publish","type":"page","link":"https:\/\/www.fouencamps.fr\/?page_id=21","title":{"rendered":"Mobilit\u00e9 et transport"},"content":{"rendered":"<p>Lorsque convivialit\u00e9 et solidarit\u00e9 riment avec mobilit\u00e9.<\/p>\n<p>L&rsquo;utilisation des transports en commun ou l&rsquo;exploitation d&rsquo;un v\u00e9hicule entre plusieurs personnes permet de r\u00e9aliser des \u00e9conomies, d&rsquo;all\u00e9ger le trafic, de r\u00e9duire les \u00e9missions de gaz \u00e0 effet de serre et de polluants atmosph\u00e9riques. La commune souhaite donc mettre en avant quelques initiatives ou structures li\u00e9es \u00e0 la mobilit\u00e9 et au transport.<\/p>\n<p><strong><em>Trans80 :<\/em><\/strong><\/p>\n<p>Le Conseil g\u00e9n\u00e9ral de la Somme tient \u00e0 votre disposition un site d\u00e9di\u00e9 au r\u00e9seau Trans\u201980.<br \/>\nAvec 57 lignes voyageurs et plus de 600 communes desservies, le Conseil g\u00e9n\u00e9ral est \u00e0 vos c\u00f4t\u00e9s pour assurer et faciliter vos d\u00e9placements dans l\u2019ensemble du d\u00e9partement.<br \/>\nVous trouverez sur le site <a title=\"TRANS80\" href=\"http:\/\/www.trans80.fr\" target=\"_blank\" rel=\"noopener\">TRANS80<\/a> toutes les informations utiles \u00e0 votre mobilit\u00e9 : plan, horaires, tarifs &#8230;<\/p>\n<p><strong><em>Transport scolaire : <\/em><\/strong><\/p>\n<p>Transport scolaire pour le regroupement scolaire\u00a0 <a href=\"https:\/\/www.fouencamps.fr\/wp-content\/uploads\/2025\/08\/Reorganisation-transport-scolaire-2025.pdf\">voir ici\u00a0<\/a><\/p>\n<p><strong><em>Covoiturage :<\/em><\/strong><\/p>\n<p>Le covoiturage est un mode de d\u00e9placement alternatif qui peut se pratiquer sur tout ou partie d&rsquo;un trajet, de mani\u00e8re quotidienne ou occasionnelle pour se rendre au travail ou dans le cadre des loisirs.<\/p>\n<p>Vous trouverez sur le site <a title=\"Roulezco\" href=\"http:\/\/roulezco.fr\" target=\"_blank\" rel=\"noopener\">Roulezco.fr<\/a> des possibilit\u00e9s en termes d&rsquo;offres et demandes de covoiturages.<\/p>\n<p>La commune vous invite \u00e0 ouvrir vos horizons sur d&rsquo;autres sites !<\/p>\n<p>Bonne navigation et\u2026laissez vous conduire !<\/p>\n","protected":false},"excerpt":{"rendered":"<p>Lorsque convivialit\u00e9 et solidarit\u00e9 riment avec mobilit\u00e9. L&rsquo;utilisation des transports en commun ou l&rsquo;exploitation d&rsquo;un v\u00e9hicule entre plusieurs personnes permet de r\u00e9aliser des \u00e9conomies, d&rsquo;all\u00e9ger le trafic, de r\u00e9duire les \u00e9missions de gaz \u00e0&#46;&#46;&#46;<\/p>\n","protected":false},"author":1,"featured_media":0,"parent":0,"menu_order":0,"comment_status":"open","ping_status":"open","template":"","meta":{"_crdt_document":"","rop_custom_images_group":[],"rop_custom_messages_group":[],"rop_publish_now":"initial","rop_publish_now_accounts":[],"rop_publish_now_history":[],"rop_publish_now_status":"pending","footnotes":""},"class_list":["post-21","page","type-page","status-publish","hentry"],"_links":{"self":[{"href":"https:\/\/www.fouencamps.fr\/index.php?rest_route=\/wp\/v2\/pages\/21","targetHints":{"allow":["GET"]}}],"collection":[{"href":"https:\/\/www.fouencamps.fr\/index.php?rest_route=\/wp\/v2\/pages"}],"about":[{"href":"https:\/\/www.fouencamps.fr\/index.php?rest_route=\/wp\/v2\/types\/page"}],"author":[{"embeddable":true,"href":"https:\/\/www.fouencamps.fr\/index.php?rest_route=\/wp\/v2\/users\/1"}],"replies":[{"embeddable":true,"href":"https:\/\/www.fouencamps.fr\/index.php?rest_route=%2Fwp%2Fv2%2Fcomments&post=21"}],"version-history":[{"count":14,"href":"https:\/\/www.fouencamps.fr\/index.php?rest_route=\/wp\/v2\/pages\/21\/revisions"}],"predecessor-version":[{"id":1008,"href":"https:\/\/www.fouencamps.fr\/index.php?rest_route=\/wp\/v2\/pages\/21\/revisions\/1008"}],"wp:attachment":[{"href":"https:\/\/www.fouencamps.fr\/index.php?rest_route=%2Fwp%2Fv2%2Fmedia&parent=21"}],"curies":[{"name":"wp","href":"https:\/\/api.w.org\/{rel}","templated":true}]}}